{"id":8145,"date":"2021-03-27T09:43:37","date_gmt":"2021-03-27T09:43:37","guid":{"rendered":"https:\/\/www.realestatecaribe.com\/referenzen\/"},"modified":"2022-09-02T04:51:36","modified_gmt":"2022-09-02T04:51:36","slug":"referenzen","status":"publish","type":"page","link":"https:\/\/www.realestatecaribe.com\/de\/referenzen\/","title":{"rendered":"Referenzen"},"content":{"rendered":"\t\t<div data-elementor-type=\"wp-page\" data-elementor-id=\"8145\" class=\"elementor elementor-8145 elementor-5311\">\n\t\t\t\t\t\t<section class=\"elementor-section elementor-top-section elementor-element elementor-element-1153b1d elementor-section-boxed elementor-section-height-default elementor-section-height-default\" data-id=\"1153b1d\" data-element_type=\"section\" data-e-type=\"section\">\n\t\t\t\t\t\t<div class=\"elementor-container elementor-column-gap-default\">\n\t\t\t\t\t<div class=\"elementor-column elementor-col-100 elementor-top-column elementor-element elementor-element-bce9fe6\" data-id=\"bce9fe6\" data-element_type=\"column\" data-e-type=\"column\">\n\t\t\t<div class=\"elementor-widget-wrap elementor-element-populated\">\n\t\t\t\t\t\t<div class=\"elementor-element elementor-element-bfe0619 elementor-widget elementor-widget-testimonial\" data-id=\"bfe0619\" data-element_type=\"widget\" data-e-type=\"widget\" data-widget_type=\"testimonial.default\">\n\t\t\t\t<div class=\"elementor-widget-container\">\n\t\t\t\t\t\t\t<div class=\"elementor-testimonial-wrapper\">\n\t\t\t\t\t\t\t<div class=\"elementor-testimonial-content\">Ich empfehle die Dienste von Real Esate Caribe. Der Verkauf meines Hauses wurde professionell abgewickelt. Jacqueline Remmelts war immer verf\u00fcgbar, um Fragen und Bedenken zu beantworten, und verwaltete die Transaktion mit Effizienz und H\u00f6flichkeit.<\/div>\n\t\t\t\n\t\t\t\t\t\t<div class=\"elementor-testimonial-meta elementor-has-image elementor-testimonial-image-position-top\">\n\t\t\t\t<div class=\"elementor-testimonial-meta-inner\">\n\t\t\t\t\t\t\t\t\t\t\t<div class=\"elementor-testimonial-image\">\n\t\t\t\t\t\t\t<img decoding=\"async\" width=\"143\" height=\"143\" src=\"https:\/\/www.realestatecaribe.com\/wp-content\/uploads\/2020\/09\/rocher-cyrus-b3bbb181-1.png\" class=\"attachment-full size-full wp-image-4757\" alt=\"\" \/>\t\t\t\t\t\t<\/div>\n\t\t\t\t\t\n\t\t\t\t\t\t\t\t\t\t<div class=\"elementor-testimonial-details\">\n\t\t\t\t\t\t\t\t\t\t\t\t\t\t<div class=\"elementor-testimonial-name\">- Rocher Cyrus <\/div>\n\t\t\t\t\t\t\t\t\t\t\t\t\t\t\t\t\t\t\t\t\t\t<div class=\"elementor-testimonial-job\">USA<\/div>\n\t\t\t\t\t\t\t\t\t\t\t\t\t<\/div>\n\t\t\t\t\t\t\t\t\t<\/div>\n\t\t\t<\/div>\n\t\t\t\t\t<\/div>\n\t\t\t\t\t\t<\/div>\n\t\t\t\t<\/div>\n\t\t\t\t\t<\/div>\n\t\t<\/div>\n\t\t\t\t\t<\/div>\n\t\t<\/section>\n\t\t\t\t<section class=\"elementor-section elementor-top-section elementor-element elementor-element-82be89e elementor-section-boxed elementor-section-height-default elementor-section-height-default\" data-id=\"82be89e\" data-element_type=\"section\" data-e-type=\"section\">\n\t\t\t\t\t\t<div class=\"elementor-container elementor-column-gap-default\">\n\t\t\t\t\t<div class=\"elementor-column elementor-col-100 elementor-top-column elementor-element elementor-element-fa6440f\" data-id=\"fa6440f\" data-element_type=\"column\" data-e-type=\"column\">\n\t\t\t<div class=\"elementor-widget-wrap elementor-element-populated\">\n\t\t\t\t\t\t<div class=\"elementor-element elementor-element-8a1fbff elementor-widget elementor-widget-testimonial\" data-id=\"8a1fbff\" data-element_type=\"widget\" data-e-type=\"widget\" data-widget_type=\"testimonial.default\">\n\t\t\t\t<div class=\"elementor-widget-container\">\n\t\t\t\t\t\t\t<div class=\"elementor-testimonial-wrapper\">\n\t\t\t\t\t\t\t<div class=\"elementor-testimonial-content\">2010 haben wir mit Unterst\u00fctzung von Fleur Rutten von Real Estate Caribe eine Wohnung in einem Projekt auf Curacao gekauft. Leider setzte sich diese Entwicklung zu diesem Zeitpunkt nicht fort, aber Fleur sorgte daf\u00fcr, dass bei uns alles sehr korrekt gehandhabt wurde.<\/div>\n\t\t\t\n\t\t\t\t\t\t<div class=\"elementor-testimonial-meta elementor-has-image elementor-testimonial-image-position-top\">\n\t\t\t\t<div class=\"elementor-testimonial-meta-inner\">\n\t\t\t\t\t\t\t\t\t\t\t<div class=\"elementor-testimonial-image\">\n\t\t\t\t\t\t\t<img decoding=\"async\" width=\"143\" height=\"143\" src=\"https:\/\/www.realestatecaribe.com\/wp-content\/uploads\/2020\/09\/MY-PHOTO2-1.png\" class=\"attachment-full size-full wp-image-4756\" alt=\"\" \/>\t\t\t\t\t\t<\/div>\n\t\t\t\t\t\n\t\t\t\t\t\t\t\t\t\t<div class=\"elementor-testimonial-details\">\n\t\t\t\t\t\t\t\t\t\t\t\t\t\t<div class=\"elementor-testimonial-name\">- Vishal Shinde <\/div>\n\t\t\t\t\t\t\t\t\t\t\t\t\t\t\t\t\t\t\t\t\t\t<div class=\"elementor-testimonial-job\">Niederlande<\/div>\n\t\t\t\t\t\t\t\t\t\t\t\t\t<\/div>\n\t\t\t\t\t\t\t\t\t<\/div>\n\t\t\t<\/div>\n\t\t\t\t\t<\/div>\n\t\t\t\t\t\t<\/div>\n\t\t\t\t<\/div>\n\t\t\t\t\t<\/div>\n\t\t<\/div>\n\t\t\t\t\t<\/div>\n\t\t<\/section>\n\t\t\t\t<section class=\"elementor-section elementor-top-section elementor-element elementor-element-7b296ac elementor-section-boxed elementor-section-height-default elementor-section-height-default\" data-id=\"7b296ac\" data-element_type=\"section\" data-e-type=\"section\">\n\t\t\t\t\t\t<div class=\"elementor-container elementor-column-gap-default\">\n\t\t\t\t\t<div class=\"elementor-column elementor-col-100 elementor-top-column elementor-element elementor-element-3f3574b\" data-id=\"3f3574b\" data-element_type=\"column\" data-e-type=\"column\">\n\t\t\t<div class=\"elementor-widget-wrap elementor-element-populated\">\n\t\t\t\t\t\t<div class=\"elementor-element elementor-element-5ef0d09 elementor-widget elementor-widget-testimonial\" data-id=\"5ef0d09\" data-element_type=\"widget\" data-e-type=\"widget\" data-widget_type=\"testimonial.default\">\n\t\t\t\t<div class=\"elementor-widget-container\">\n\t\t\t\t\t\t\t<div class=\"elementor-testimonial-wrapper\">\n\t\t\t\t\t\t\t<div class=\"elementor-testimonial-content\">Beim Verkauf unseres Hauses in Villapark Girouette haben wir mit gro\u00dfer Freude und mit einem gro\u00dfartigen Endergebnis mit Jacqueline Remmelts und Fleur Rutten von Real Estate Caribe zusammengearbeitet. Was uns in der Zusammenarbeit auffiel, war der kundenorientierte Ansatz.<\/div>\n\t\t\t\n\t\t\t\t\t\t<div class=\"elementor-testimonial-meta elementor-has-image elementor-testimonial-image-position-top\">\n\t\t\t\t<div class=\"elementor-testimonial-meta-inner\">\n\t\t\t\t\t\t\t\t\t\t\t<div class=\"elementor-testimonial-image\">\n\t\t\t\t\t\t\t<img decoding=\"async\" width=\"143\" height=\"143\" src=\"https:\/\/www.realestatecaribe.com\/wp-content\/uploads\/2020\/09\/94c959683e90ba4ff5dc0bd7819993ef-1.png\" class=\"attachment-full size-full wp-image-4755\" alt=\"\" \/>\t\t\t\t\t\t<\/div>\n\t\t\t\t\t\n\t\t\t\t\t\t\t\t\t\t<div class=\"elementor-testimonial-details\">\n\t\t\t\t\t\t\t\t\t\t\t\t\t\t<div class=\"elementor-testimonial-name\">- Risa Sch\u00f6nbaum <\/div>\n\t\t\t\t\t\t\t\t\t\t\t\t\t\t\t\t\t\t\t\t\t\t<div class=\"elementor-testimonial-job\">Curacao<\/div>\n\t\t\t\t\t\t\t\t\t\t\t\t\t<\/div>\n\t\t\t\t\t\t\t\t\t<\/div>\n\t\t\t<\/div>\n\t\t\t\t\t<\/div>\n\t\t\t\t\t\t<\/div>\n\t\t\t\t<\/div>\n\t\t\t\t\t<\/div>\n\t\t<\/div>\n\t\t\t\t\t<\/div>\n\t\t<\/section>\n\t\t\t\t<\/div>\n\t\t","protected":false},"excerpt":{"rendered":"<p>Ich empfehle die Dienste von Real Esate Caribe. Der Verkauf meines Hauses wurde professionell abgewickelt. Jacqueline Remmelts war immer verf\u00fcgbar, um Fragen und Bedenken zu beantworten, und verwaltete die Transaktion mit Effizienz und H\u00f6flichkeit. &#8211; Rocher Cyrus USA 2010 haben wir mit Unterst\u00fctzung von Fleur Rutten von Real Estate Caribe eine Wohnung in einem Projekt&#8230;<\/p>\n","protected":false},"author":1,"featured_media":0,"parent":0,"menu_order":0,"comment_status":"closed","ping_status":"closed","template":"","meta":{"footnotes":""},"class_list":["post-8145","page","type-page","status-publish","hentry"],"_links":{"self":[{"href":"https:\/\/www.realestatecaribe.com\/de\/wp-json\/wp\/v2\/pages\/8145","targetHints":{"allow":["GET"]}}],"collection":[{"href":"https:\/\/www.realestatecaribe.com\/de\/wp-json\/wp\/v2\/pages"}],"about":[{"href":"https:\/\/www.realestatecaribe.com\/de\/wp-json\/wp\/v2\/types\/page"}],"author":[{"embeddable":true,"href":"https:\/\/www.realestatecaribe.com\/de\/wp-json\/wp\/v2\/users\/1"}],"replies":[{"embeddable":true,"href":"https:\/\/www.realestatecaribe.com\/de\/wp-json\/wp\/v2\/comments?post=8145"}],"version-history":[{"count":5,"href":"https:\/\/www.realestatecaribe.com\/de\/wp-json\/wp\/v2\/pages\/8145\/revisions"}],"predecessor-version":[{"id":14322,"href":"https:\/\/www.realestatecaribe.com\/de\/wp-json\/wp\/v2\/pages\/8145\/revisions\/14322"}],"wp:attachment":[{"href":"https:\/\/www.realestatecaribe.com\/de\/wp-json\/wp\/v2\/media?parent=8145"}],"curies":[{"name":"wp","href":"https:\/\/api.w.org\/{rel}","templated":true}]}}