{"id":7697,"date":"2021-03-17T09:16:43","date_gmt":"2021-03-17T09:16:43","guid":{"rendered":"https:\/\/www.realestatecaribe.com\/information\/"},"modified":"2021-03-17T09:16:50","modified_gmt":"2021-03-17T09:16:50","slug":"information","status":"publish","type":"page","link":"https:\/\/www.realestatecaribe.com\/de\/information\/","title":{"rendered":"Information"},"content":{"rendered":"\t\t<div data-elementor-type=\"wp-page\" data-elementor-id=\"7697\" class=\"elementor elementor-7697 elementor-4817\">\n\t\t\t\t\t\t<section class=\"elementor-section elementor-top-section elementor-element elementor-element-b347b32 elementor-section-full_width elementor-section-height-default elementor-section-height-default\" data-id=\"b347b32\" data-element_type=\"section\" data-e-type=\"section\" data-settings=\"{&quot;background_background&quot;:&quot;classic&quot;}\">\n\t\t\t\t\t\t\t<div class=\"elementor-background-overlay\"><\/div>\n\t\t\t\t\t\t\t<div class=\"elementor-container elementor-column-gap-default\">\n\t\t\t\t\t<div class=\"elementor-column elementor-col-100 elementor-top-column elementor-element elementor-element-2ccf1d6\" data-id=\"2ccf1d6\" data-element_type=\"column\" data-e-type=\"column\">\n\t\t\t<div class=\"elementor-widget-wrap elementor-element-populated\">\n\t\t\t\t\t\t<div class=\"elementor-element elementor-element-ce63c3b elementor-widget elementor-widget-heading\" data-id=\"ce63c3b\" data-element_type=\"widget\" data-e-type=\"widget\" data-widget_type=\"heading.default\">\n\t\t\t\t<div class=\"elementor-widget-container\">\n\t\t\t\t\t<h2 class=\"elementor-heading-title elementor-size-default\">Ihr pers\u00f6nlicher Makler bei Cura\u00e7ao<\/h2>\t\t\t\t<\/div>\n\t\t\t\t<\/div>\n\t\t\t\t\t<\/div>\n\t\t<\/div>\n\t\t\t\t\t<\/div>\n\t\t<\/section>\n\t\t\t\t<section class=\"elementor-section elementor-top-section elementor-element elementor-element-a26eb52 elementor-section-boxed elementor-section-height-default elementor-section-height-default\" data-id=\"a26eb52\" data-element_type=\"section\" data-e-type=\"section\">\n\t\t\t\t\t\t<div class=\"elementor-container elementor-column-gap-default\">\n\t\t\t\t\t<div class=\"elementor-column elementor-col-100 elementor-top-column elementor-element elementor-element-adbfb1f\" data-id=\"adbfb1f\" data-element_type=\"column\" data-e-type=\"column\">\n\t\t\t<div class=\"elementor-widget-wrap elementor-element-populated\">\n\t\t\t\t\t\t<div class=\"elementor-element elementor-element-9bd2942 elementor-widget elementor-widget-heading\" data-id=\"9bd2942\" data-element_type=\"widget\" data-e-type=\"widget\" data-widget_type=\"heading.default\">\n\t\t\t\t<div class=\"elementor-widget-container\">\n\t\t\t\t\t<h1 class=\"elementor-heading-title elementor-size-default\">Information<\/h1>\t\t\t\t<\/div>\n\t\t\t\t<\/div>\n\t\t\t\t<div class=\"elementor-element elementor-element-ed9ae80 elementor-widget__width-initial elementor-widget elementor-widget-text-editor\" data-id=\"ed9ae80\" data-element_type=\"widget\" data-e-type=\"widget\" data-widget_type=\"text-editor.default\">\n\t\t\t\t<div class=\"elementor-widget-container\">\n\t\t\t\t\t\t\t\t\t<p>F\u00fcr Ihre Bequemlichkeit bietet dieses Untermen\u00fc zus\u00e4tzliche Informationen \u00fcber Cura\u00e7ao. Klicken Sie auf einen Eintrag im Men\u00fc, um weitere Informationen zu erhalten.<\/p>\n\t\t\t\t\t\t\t\t<\/div>\n\t\t\t\t<\/div>\n\t\t\t\t\t<\/div>\n\t\t<\/div>\n\t\t\t\t\t<\/div>\n\t\t<\/section>\n\t\t\t\t<\/div>\n\t\t","protected":false},"excerpt":{"rendered":"<p>Ihr pers\u00f6nlicher Makler bei Cura\u00e7ao Information F\u00fcr Ihre Bequemlichkeit bietet dieses Untermen\u00fc zus\u00e4tzliche Informationen \u00fcber Cura\u00e7ao. Klicken Sie auf einen Eintrag im Men\u00fc, um weitere Informationen zu erhalten.<\/p>\n","protected":false},"author":1,"featured_media":0,"parent":0,"menu_order":0,"comment_status":"closed","ping_status":"closed","template":"elementor_header_footer","meta":{"footnotes":""},"class_list":["post-7697","page","type-page","status-publish","hentry"],"_links":{"self":[{"href":"https:\/\/www.realestatecaribe.com\/de\/wp-json\/wp\/v2\/pages\/7697","targetHints":{"allow":["GET"]}}],"collection":[{"href":"https:\/\/www.realestatecaribe.com\/de\/wp-json\/wp\/v2\/pages"}],"about":[{"href":"https:\/\/www.realestatecaribe.com\/de\/wp-json\/wp\/v2\/types\/page"}],"author":[{"embeddable":true,"href":"https:\/\/www.realestatecaribe.com\/de\/wp-json\/wp\/v2\/users\/1"}],"replies":[{"embeddable":true,"href":"https:\/\/www.realestatecaribe.com\/de\/wp-json\/wp\/v2\/comments?post=7697"}],"version-history":[{"count":5,"href":"https:\/\/www.realestatecaribe.com\/de\/wp-json\/wp\/v2\/pages\/7697\/revisions"}],"predecessor-version":[{"id":7702,"href":"https:\/\/www.realestatecaribe.com\/de\/wp-json\/wp\/v2\/pages\/7697\/revisions\/7702"}],"wp:attachment":[{"href":"https:\/\/www.realestatecaribe.com\/de\/wp-json\/wp\/v2\/media?parent=7697"}],"curies":[{"name":"wp","href":"https:\/\/api.w.org\/{rel}","templated":true}]}}